{"id":57,"date":"2023-11-28T21:20:17","date_gmt":"2023-11-28T20:20:17","guid":{"rendered":"http:\/\/radkowska-braun.hostingasp.pl\/index.php\/o-mnie\/"},"modified":"2024-04-28T23:49:48","modified_gmt":"2024-04-28T21:49:48","slug":"o-mnie","status":"publish","type":"page","link":"https:\/\/radkowska-braun.pl\/?page_id=57","title":{"rendered":"O mnie"},"content":{"rendered":"\n  \n    \n    <section class=\"skrollable u-align-center u-clearfix u-image u-parallax u-section-2\" id=\"sec-c9bd\" data-image-width=\"2000\" data-image-height=\"1333\">\n      <div class=\"u-clearfix u-sheet u-sheet-1\">\n        <img decoding=\"async\" class=\"u-image u-image-round u-radius u-image-1\" src=\"https:\/\/radkowska-braun.pl\n\/wp-content\/uploads\/2024\/04\/DSC_5196-2-1.jpg\" alt=\"\" data-image-width=\"2048\" data-image-height=\"1863\">\n        <h1 class=\"u-text u-text-default u-text-1\">O mnie<\/h1>\n        <p class=\"u-text u-text-2\"> Medycyn\u0119 studiowa\u0142am na \u015al\u0105skiej Akademii Medycznej w latach 1990-1996. Po uzyskaniu dyplomu w maju 1996 i odbyciu obowi\u0105zkowego rocznego sta\u017cu podyplomowego w latach 1996-1997, wyjecha\u0142am do Niemiec, gdzie uzyska\u0142am pe\u0142ne prawo do wykonywania zawodu i podj\u0119\u0142am prac\u0119 lekarza. <br>\n          <br>Z zami\u0142owania do chirurgii postanowi\u0142am dalej kszta\u0142ci\u0107 si\u0119 w tej specjalizacji. Pracowa\u0142am jako chirurg w latach 1998-2002 w Klinice Kardiochirurgii \/Klinik f\u00fcr Herzchirurgie\/ w Karlsruhe, a nast\u0119pnie w latach 2002-2004 w Klinice Asklepios w Germersheim, w latach 2005-2008 w Klinice \u015aw. Wincentego \/Vincentiuskliniken\/ w Karlsruhe, a po przerwie macierzy\u0144skiej w latach 2010-2011 w Klinice Ernst von Bergmann w Poczdamie. W roku 2011 powr\u00f3ci\u0142am do kraju i podj\u0119\u0142am prac\u0119 w Centrum Pulmonologii i Torakochirurgii w Bystrej \u015al\u0105skiej, gdzie pracowa\u0142am do 2018 r.<br>\n          <br>Tytu\u0142 specjalisty chirurgii og\u00f3lnej&nbsp;uzyska\u0142am  w roku 2006,&nbsp; a tytu\u0142 specjalisty chirurgii klatki piersiowej w roku 2011. W 2006 r. obroni\u0142am tytu\u0142 doktora nauk medycznych na Uniwersytecie we Fryburgu \/Albert-Ludwigs-Universit\u00e4t Freiburg in Breisgau\/ za prac\u0119 na temat wp\u0142ywu kardioplegii na pooperacyjne zaburzenia rytmu serca po operacji wymiany zastawki aortalnej. <br>\n          <br>Podczas trwania ca\u0142ej mojej kariery zawodowej zawsze interesowa\u0142am si\u0119 schorzeniami gruczo\u0142\u00f3w piersiowych i ich leczeniem, zdobywaj\u0105c wieloletnie do\u015bwiadczenie.&nbsp; Aby zapewni\u0107 najlepsz\u0105 opiek\u0119 swoim pacjentkom na bie\u017c\u0105co uzupe\u0142niam swoj\u0105 wiedz\u0119 medyczn\u0105 bior\u0105c udzia\u0142 w licznych polskich oraz zagranicznych konferencjach oraz szkoleniach w tej dziedzinie.&nbsp;\n        <\/p>\n      <\/div>\n    <\/section>\n    \n    \n    \n    \n  \n","protected":false},"excerpt":{"rendered":"<p>O mnie Medycyn\u0119 studiowa\u0142am na \u015al\u0105skiej Akademii Medycznej w latach 1990-1996. Po uzyskaniu dyplomu w maju 1996 i odbyciu obowi\u0105zkowego rocznego sta\u017cu podyplomowego w latach 1996-1997, wyjecha\u0142am do Niemiec, gdzie uzyska\u0142am pe\u0142ne prawo do wykonywania zawodu i podj\u0119\u0142am prac\u0119 lekarza. Z zami\u0142owania do chirurgii postanowi\u0142am dalej kszta\u0142ci\u0107 si\u0119 w tej specjalizacji. Pracowa\u0142am jako chirurg w &hellip; <a href=\"https:\/\/radkowska-braun.pl\/?page_id=57\" class=\"more-link\">Continue reading<span class=\"screen-reader-text\"> &#8222;O mnie&#8221;<\/span><\/a><\/p>\n","protected":false},"author":1,"featured_media":0,"parent":0,"menu_order":1,"comment_status":"closed","ping_status":"closed","template":"","meta":{"om_disable_all_campaigns":false,"_monsterinsights_skip_tracking":false,"_monsterinsights_sitenote_active":false,"_monsterinsights_sitenote_note":"","_monsterinsights_sitenote_category":0,"_uf_show_specific_survey":0,"_uf_disable_surveys":false,"footnotes":""},"class_list":["post-57","page","type-page","status-publish","hentry"],"aioseo_notices":[],"_links":{"self":[{"href":"https:\/\/radkowska-braun.pl\/index.php?rest_route=\/wp\/v2\/pages\/57","targetHints":{"allow":["GET"]}}],"collection":[{"href":"https:\/\/radkowska-braun.pl\/index.php?rest_route=\/wp\/v2\/pages"}],"about":[{"href":"https:\/\/radkowska-braun.pl\/index.php?rest_route=\/wp\/v2\/types\/page"}],"author":[{"embeddable":true,"href":"https:\/\/radkowska-braun.pl\/index.php?rest_route=\/wp\/v2\/users\/1"}],"replies":[{"embeddable":true,"href":"https:\/\/radkowska-braun.pl\/index.php?rest_route=%2Fwp%2Fv2%2Fcomments&post=57"}],"version-history":[{"count":8,"href":"https:\/\/radkowska-braun.pl\/index.php?rest_route=\/wp\/v2\/pages\/57\/revisions"}],"predecessor-version":[{"id":400,"href":"https:\/\/radkowska-braun.pl\/index.php?rest_route=\/wp\/v2\/pages\/57\/revisions\/400"}],"wp:attachment":[{"href":"https:\/\/radkowska-braun.pl\/index.php?rest_route=%2Fwp%2Fv2%2Fmedia&parent=57"}],"curies":[{"name":"wp","href":"https:\/\/api.w.org\/{rel}","templated":true}]}}